{"id":7,"date":"2014-09-15T11:14:26","date_gmt":"2014-09-15T09:14:26","guid":{"rendered":"http:\/\/the-webdesigner.de\/ict\/wp\/?page_id=7"},"modified":"2015-01-09T21:13:50","modified_gmt":"2015-01-09T19:13:50","slug":"gut-ist-wer-weiter-denkt-und-entsprechend-handelt","status":"publish","type":"page","link":"https:\/\/ict-consulting.net\/de\/","title":{"rendered":"Gut ist, wer weiter denkt. Und entsprechend handelt."},"content":{"rendered":"<p><\/p>\n<h1><span style=\"color: #993366;\">Gut ist, wer weiter denkt. Und entsprechend handelt.<\/span><\/h1>\n<p>Wir von <strong>ICT Consulting<\/strong> denken seit fast drei Jahrzehnten immer mehr als nur einen Schritt voraus. Als Management- und Technologie-Consultants sind wir anerkannte Partner auf den Gebieten der IT- und TK-Technologie f\u00fcr namhafte Systemlieferanten, Netzbetreiber sowie Diensteanbieter. Und f\u00fcr alle, die beim Einsatz von <strong><a title=\"Unser Know-how\" href=\"know-how\/\">Informationstechnologie<\/a><\/strong> und besonders unserem Spezialgebiet <strong><a title=\"Unser Know-how\" href=\"know-how\/\">Telekommunikation<\/a><\/strong> auf Effizienz und Zukunftsf\u00e4higkeit setzen. Egal ob f\u00fcr Global Player, Mittelst\u00e4ndler oder Start-up Unternehmen.<\/p>\n<h1><span style=\"color: #993366;\">Wir erkennen Branchentrends. Und ihre Folgen.<\/span><\/h1>\n<p>In der Telekommunikations- und in der Informationstechnologie ist es unverzichtbar, den Puls der technischen Zeit nicht nur zu f\u00fchlen, sondern dessen Auswirkungen auf den gesamten Organismus zu erkennen. Unsere Berater und Analysten tun genau dies; sie beobachten, erkennen, bewerten und gestalten aktiv mit. Um die Steuerung sowie das Management von Unternehmen, Prozessen und Informationsfl\u00fcssen als Organismus unserer Kunden zukunftsf\u00e4hig zu sichern.<\/p>\n<h2><span style=\"color: #993366;\"><strong><span style=\"text-decoration: underline;\">ICT Kompetenzzentren:<\/span><\/strong><\/span><\/h2>\n<ul>\n<li>Next Generation Networks (NGN)<\/li>\n<li>Operations Support Systems (OSS)<\/li>\n<li>Mobile Networks (GSM, UMTS, LTE)<\/li>\n<li>Intelligent Networks (IN)<\/li>\n<\/ul>\n<p><\/p>","protected":false},"excerpt":{"rendered":"<p>Gut ist, wer weiter denkt. Und entsprechend handelt. Wir von ICT Consulting denken seit fast drei Jahrzehnten immer mehr als nur einen Schritt voraus. Als Management- und Technologie-Consultants sind wir anerkannte Partner auf den Gebieten der IT- und TK-Technologie f\u00fcr namhafte Systemlieferanten, Netzbetreiber sowie Diensteanbieter. Und f\u00fcr alle, die beim Einsatz von Informationstechnologie und besonders [&hellip;]<\/p>\n","protected":false},"author":1,"featured_media":9,"parent":0,"menu_order":0,"comment_status":"closed","ping_status":"closed","template":"","meta":[],"_links":{"self":[{"href":"https:\/\/ict-consulting.net\/de\/wp-json\/wp\/v2\/pages\/7"}],"collection":[{"href":"https:\/\/ict-consulting.net\/de\/wp-json\/wp\/v2\/pages"}],"about":[{"href":"https:\/\/ict-consulting.net\/de\/wp-json\/wp\/v2\/types\/page"}],"author":[{"embeddable":true,"href":"https:\/\/ict-consulting.net\/de\/wp-json\/wp\/v2\/users\/1"}],"replies":[{"embeddable":true,"href":"https:\/\/ict-consulting.net\/de\/wp-json\/wp\/v2\/comments?post=7"}],"version-history":[{"count":49,"href":"https:\/\/ict-consulting.net\/de\/wp-json\/wp\/v2\/pages\/7\/revisions"}],"predecessor-version":[{"id":277,"href":"https:\/\/ict-consulting.net\/de\/wp-json\/wp\/v2\/pages\/7\/revisions\/277"}],"wp:featuredmedia":[{"embeddable":true,"href":"https:\/\/ict-consulting.net\/de\/wp-json\/wp\/v2\/media\/9"}],"wp:attachment":[{"href":"https:\/\/ict-consulting.net\/de\/wp-json\/wp\/v2\/media?parent=7"}],"curies":[{"name":"wp","href":"https:\/\/api.w.org\/{rel}","templated":true}]}}