{"id":43,"date":"2014-09-16T11:23:53","date_gmt":"2014-09-16T09:23:53","guid":{"rendered":"http:\/\/the-webdesigner.de\/ict\/wp\/?page_id=43"},"modified":"2014-11-13T16:30:44","modified_gmt":"2014-11-13T14:30:44","slug":"know-how","status":"publish","type":"page","link":"https:\/\/ict-consulting.net\/de\/know-how\/","title":{"rendered":"Unser Know-how"},"content":{"rendered":"<p><\/p>\n<h1>Unser Know-how<\/h1>\n<ul>\n<li><span style=\"color: #993366;\"><strong>Organisation &amp; Management<\/strong><\/span>\n<ul>\n<li>Projektorganisation und -management<\/li>\n<li>Gesch\u00e4ftsprozess &#8211; Management<\/li>\n<li>Change Management<\/li>\n<li>Lieferanten-Management<\/li>\n<\/ul>\n<\/li>\n<\/ul>\n<ul>\n<li><span style=\"color: #993366;\"><strong>Bidmanagement (f\u00fcr Kunden &amp; Lieferanten)<\/strong><\/span>\n<ul>\n<li>Analyse &#8211; Machbarkeit<\/li>\n<li>Ausschreibung &#8211; L\u00f6sungskonzeption<\/li>\n<li>Angebotsanalyse &#8211; Angebotserstellung<\/li>\n<li>Service Level Agreements (SLA)<\/li>\n<li>Operational Level Agreements (OLA)<\/li>\n<li>Vertragsgestaltung &#8211; Vertragsverhandlung<\/li>\n<li>\u00dcberwachung &#8211; Projektplanung<\/li>\n<\/ul>\n<\/li>\n<\/ul>\n<ul>\n<li><span style=\"color: #993366;\"><strong>Innovations &#8211; Management<\/strong><\/span>\n<ul>\n<li>Invention-Konzeption<\/li>\n<li>Marktanalyse<\/li>\n<li>Business Plan<\/li>\n<li>Umsetzung<\/li>\n<\/ul>\n<\/li>\n<\/ul>\n<ul>\n<li><span style=\"color: #993366;\"><strong>Telekommunikation<\/strong><\/span>\n<ul>\n<li>Prozess-Frameworks und Tools f\u00fcr das Netzwerk-, Service- und Business &#8211; Management<\/li>\n<li>Operatives Workflow-Design und -Management<\/li>\n<li>Operations Support Systems\/OSS: NIMS-PrOptima, NetWorks, TNMS, OPUS, IRONMAN, SMNOS u.a.<\/li>\n<\/ul>\n<\/li>\n<\/ul>\n<ul>\n<li><span style=\"color: #993366;\"><strong>Netzwerk-Technologien und Standards<\/strong><\/span>\n<ul>\n<li>NGN Core (IMS) und Access-Technologien<\/li>\n<li>Wireless Networks: 2G\/GSM, 3G\/UMTS, 4G\/LTE, Wi-Fi, Bluetooth<\/li>\n<li>Optical Transport Networks: OTN, WDM, SONET\/SDH<\/li>\n<li>Intelligent Networks (IN)<\/li>\n<li>Standards der Gremien: 3GPP, TM Forum, ITU-T, ETSI, W3C u.a.<\/li>\n<\/ul>\n<\/li>\n<\/ul>\n<ul>\n<li><span style=\"color: #993366;\"><strong>IT-Systeme<\/strong><\/span>\n<ul>\n<li>Systems Engineering<\/li>\n<li>Qualit\u00e4tssicherung<\/li>\n<li>Deployment<\/li>\n<li>Betrieb<\/li>\n<\/ul>\n<\/li>\n<\/ul>\n<p><\/p>","protected":false},"excerpt":{"rendered":"<p>Unser Know-how Organisation &amp; Management Projektorganisation und -management Gesch\u00e4ftsprozess &#8211; Management Change Management Lieferanten-Management Bidmanagement (f\u00fcr Kunden &amp; Lieferanten) Analyse &#8211; Machbarkeit Ausschreibung &#8211; L\u00f6sungskonzeption Angebotsanalyse &#8211; Angebotserstellung Service Level Agreements (SLA) Operational Level Agreements (OLA) Vertragsgestaltung &#8211; Vertragsverhandlung \u00dcberwachung &#8211; Projektplanung Innovations &#8211; Management Invention-Konzeption Marktanalyse Business Plan Umsetzung Telekommunikation Prozess-Frameworks und Tools f\u00fcr [&hellip;]<\/p>\n","protected":false},"author":1,"featured_media":10,"parent":0,"menu_order":0,"comment_status":"closed","ping_status":"closed","template":"","meta":[],"_links":{"self":[{"href":"https:\/\/ict-consulting.net\/de\/wp-json\/wp\/v2\/pages\/43"}],"collection":[{"href":"https:\/\/ict-consulting.net\/de\/wp-json\/wp\/v2\/pages"}],"about":[{"href":"https:\/\/ict-consulting.net\/de\/wp-json\/wp\/v2\/types\/page"}],"author":[{"embeddable":true,"href":"https:\/\/ict-consulting.net\/de\/wp-json\/wp\/v2\/users\/1"}],"replies":[{"embeddable":true,"href":"https:\/\/ict-consulting.net\/de\/wp-json\/wp\/v2\/comments?post=43"}],"version-history":[{"count":41,"href":"https:\/\/ict-consulting.net\/de\/wp-json\/wp\/v2\/pages\/43\/revisions"}],"predecessor-version":[{"id":248,"href":"https:\/\/ict-consulting.net\/de\/wp-json\/wp\/v2\/pages\/43\/revisions\/248"}],"wp:featuredmedia":[{"embeddable":true,"href":"https:\/\/ict-consulting.net\/de\/wp-json\/wp\/v2\/media\/10"}],"wp:attachment":[{"href":"https:\/\/ict-consulting.net\/de\/wp-json\/wp\/v2\/media?parent=43"}],"curies":[{"name":"wp","href":"https:\/\/api.w.org\/{rel}","templated":true}]}}