{"id":38,"date":"2014-09-16T10:40:53","date_gmt":"2014-09-16T08:40:53","guid":{"rendered":"http:\/\/the-webdesigner.de\/ict\/wp\/?page_id=38"},"modified":"2014-11-11T22:14:36","modified_gmt":"2014-11-11T20:14:36","slug":"unsere-leistungen","status":"publish","type":"page","link":"https:\/\/ict-consulting.net\/de\/unsere-leistungen\/","title":{"rendered":"Unsere Leistungen im \u00dcberblick"},"content":{"rendered":"<p><\/p>\n<h1>Unsere Leistungen im \u00dcberblick<\/h1>\n<ul>\n<li><span style=\"color: #993366;\"><strong>Management-Beratung<\/strong><\/span>\n<ul>\n<li>Strategie- und Organisationsberatung<\/li>\n<li>Change Management, Business Process Transformation<\/li>\n<li>TCO\/ROI-Beratung, KPI-Entwicklung<\/li>\n<li>Projekt- und Programm &#8211; Management<\/li>\n<li>Lieferanten &#8211; Management<\/li>\n<\/ul>\n<\/li>\n<\/ul>\n<ul>\n<li><span style=\"color: #993366;\"><strong>Bid Management (pre &amp; post sales)<\/strong><\/span>\n<ul>\n<li>Technische und kaufm\u00e4nnische Unterst\u00fctzung bei der Erstellung<br \/>\nund Bewertung von Ausschreibungen und Angeboten<\/li>\n<\/ul>\n<\/li>\n<\/ul>\n<ul>\n<li><span style=\"color: #993366;\"><strong>Qualit\u00e4tsmanagement<\/strong><\/span>\n<ul>\n<li>Prozesspr\u00fcfung und Prozessentwicklung<\/li>\n<li>Konzeptpr\u00fcfung und Konzepterstellung<\/li>\n<li>QS-Planung und QS-Management<\/li>\n<\/ul>\n<\/li>\n<\/ul>\n<ul>\n<li><span style=\"color: #993366;\"><strong>Systementwicklung und -integration<\/strong><\/span>\n<ul>\n<li>Vorgehens- und Projektplanung<\/li>\n<li>Analyse, Design, Implementierung und Test von Individuall\u00f6sungen<\/li>\n<li>System- und Datenmigration<\/li>\n<\/ul>\n<\/li>\n<\/ul>\n<ul>\n<li><span style=\"color: #993366;\"><strong>Betrieb<\/strong><\/span>\n<ul>\n<li>Deployment \/ Roll-out<\/li>\n<li>Lifecycle &#8211; Management<\/li>\n<li>Know-how-Transfer, Schulung und Training<\/li>\n<\/ul>\n<\/li>\n<\/ul>\n<p><\/p>","protected":false},"excerpt":{"rendered":"<p>Unsere Leistungen im \u00dcberblick Management-Beratung Strategie- und Organisationsberatung Change Management, Business Process Transformation TCO\/ROI-Beratung, KPI-Entwicklung Projekt- und Programm &#8211; Management Lieferanten &#8211; Management Bid Management (pre &amp; post sales) Technische und kaufm\u00e4nnische Unterst\u00fctzung bei der Erstellung und Bewertung von Ausschreibungen und Angeboten Qualit\u00e4tsmanagement Prozesspr\u00fcfung und Prozessentwicklung Konzeptpr\u00fcfung und Konzepterstellung QS-Planung und QS-Management Systementwicklung und -integration [&hellip;]<\/p>\n","protected":false},"author":1,"featured_media":12,"parent":0,"menu_order":0,"comment_status":"closed","ping_status":"closed","template":"","meta":[],"_links":{"self":[{"href":"https:\/\/ict-consulting.net\/de\/wp-json\/wp\/v2\/pages\/38"}],"collection":[{"href":"https:\/\/ict-consulting.net\/de\/wp-json\/wp\/v2\/pages"}],"about":[{"href":"https:\/\/ict-consulting.net\/de\/wp-json\/wp\/v2\/types\/page"}],"author":[{"embeddable":true,"href":"https:\/\/ict-consulting.net\/de\/wp-json\/wp\/v2\/users\/1"}],"replies":[{"embeddable":true,"href":"https:\/\/ict-consulting.net\/de\/wp-json\/wp\/v2\/comments?post=38"}],"version-history":[{"count":24,"href":"https:\/\/ict-consulting.net\/de\/wp-json\/wp\/v2\/pages\/38\/revisions"}],"predecessor-version":[{"id":225,"href":"https:\/\/ict-consulting.net\/de\/wp-json\/wp\/v2\/pages\/38\/revisions\/225"}],"wp:featuredmedia":[{"embeddable":true,"href":"https:\/\/ict-consulting.net\/de\/wp-json\/wp\/v2\/media\/12"}],"wp:attachment":[{"href":"https:\/\/ict-consulting.net\/de\/wp-json\/wp\/v2\/media?parent=38"}],"curies":[{"name":"wp","href":"https:\/\/api.w.org\/{rel}","templated":true}]}}