{"id":30,"date":"2014-09-15T19:39:30","date_gmt":"2014-09-15T17:39:30","guid":{"rendered":"http:\/\/the-webdesigner.de\/ict\/wp\/?page_id=30"},"modified":"2021-03-21T14:46:42","modified_gmt":"2021-03-21T12:46:42","slug":"referenzen","status":"publish","type":"page","link":"https:\/\/ict-consulting.net\/de\/referenzen\/","title":{"rendered":"Referenzen"},"content":{"rendered":"<p><\/p>\n<h1>Referenzen<\/h1>\n<h3>Avient Corporation (formerly PolyOne), Ohio\/USA<\/h3>\n<p><strong>Global Project Management \u2013 weltweite IT Infrastruktur-Integration<\/strong><br \/>\nManagement der IT-Integration von 90 Standorten (Produktion, Sales) weltweit (US, EMEA, ASIA, LATAM)) in das globale IT-Netzwerk der Avient\/PolyOne nach erfolgreicher Akquisition von Clariant Masterbatches.<\/p>\n<h3>Deutsche Telekom Business Solutions GmbH, Deutsche Bundesbeh\u00f6rden<\/h3>\n<p><strong>Project Management \u2013 Rollout DWDM &amp; Metro Ethernet Standorte<\/strong><br \/>\nRollout und Upgrade mehrerer Standorte im Bereich Digitalfunk der Bundesbeh\u00f6rden bundesweit.<\/p>\n<h3>ITERGO GmbH<\/h3>\n<p><strong>Project Management \u2013 DC Migration in eine private Cloud<\/strong><br \/>\n<strong>On-boarding<\/strong> der ERV Germany in das <strong>globale Infrastruktur-Programm IISS der ERGO Gruppe<\/strong>. Migration zweier lokaler Data Center in M\u00fcnchen sowie zweier internationaler Branches in Polen und Italien <strong>in eine private Cloud<\/strong>.<\/p>\n<h2><\/h2>\n<h3>Damovo Deutschland GmbH,<br \/>\nHessische Zentrale f\u00fcr Datenveraarbeitung<\/h3>\n<p><strong>Multi Project Management \u2013 Rollout der \u201cHessen Voice\u201d UCC Plattform<\/strong><br \/>\n<strong>Rollout<\/strong> einer Mitel MX-One basierten UCC L\u00f6sung <strong>in allen Beh\u00f6rden des Landes Hessen.<\/strong>, f\u00fcr Damovo&#8217;s Kunden &#8222;Hessische Zentrale f\u00fcr Datenverarbeitung&#8220; (HZD).<\/p>\n<h3>Telekom Deutschland GmbH, Deutschland,<br \/>\nVoestalpine Group IT, \u00d6sterreich<\/h3>\n<p><strong>Sales Support<\/strong><br \/>\nSenior Sales &amp; PM Support f\u00fcr ein <strong>internationales Netzwerkmodernisierungs-Programm<\/strong> des <strong>strategischen Kunden VOESTALPINE<\/strong>.<\/p>\n<p class=\"date\">\n<h3>Djibouti Telecom, Djibouti<\/h3>\n<p><strong><u>Senior Interim Management &#8211; Netzwerk Modernisierung<\/u><\/strong><br \/>\nProjekt- und Lieferanten-Management eines umfassenden Netzwerk-Modernisierungs-Programms (RAN\/LTE, IMS, BSS) der Djibouti Telecom. Bereichs\u00fcbergreifendes Kunden- und Lieferanten-Management.<\/p>\n<h3>Detecon International GmbH<\/h3>\n<p><strong>Business Research und Analyse &#8211; Strategische <span style=\"text-decoration: underline;\">BigData &amp; Analytics Use Cases<\/span> f\u00fcr das Telco Core Business<\/strong><br \/>\nAnalyse aktueller \u201eData Driven\u201c Ans\u00e4tze sowie M\u00f6glichkeiten und Notwendigkeiten der Automatisierung (&#8222;zero touch&#8220;) f\u00fcr das Telco Core Business in Form eines Positionspapiers.<\/p>\n<p class=\"date\">\n<h3>Deutsche Telekom AG<\/h3>\n<p><strong>Management komplexer Infrastruktur &#8211; Konsolidierungs &#8211; Projekte<\/strong><br \/>\nBereichs\u00fcbergreifende Planung und Management umfangreicher Massnahmen zur Infrastruktur-Konsolidierung im Bereich <strong>Mobile IMS<\/strong> Test- und Produktions-Netzwerke.<\/p>\n<p>Regelm\u00e4\u00dfige Teilnahme am DTAG SVP &#8211; Lenkungsausschuss.<\/p>\n<p><strong>Ergebnisse \/ Benefits u.a.:<\/strong><\/p>\n<ul>\n<li><strong>signifikante Capex- und Opex-Einsparungen<\/strong>\u00a0(&gt;6m Euro in 2015-16),<\/li>\n<li>Harmonisierung<strong> strategischer Service Deployments<\/strong> (u.a. WiFi Calling, IN Evolution, Converged Messaging) als Teil des Programms \u201c<strong>mobile goes IP<\/strong>\u201d,<\/li>\n<li><strong>Qualit\u00e4tssicherung<\/strong> der kommerziellen Services VoLTE und Joyn (RCSe),<\/li>\n<li>zukunftssicherer Betrieb auf <strong>Multi-Service IMS Plattformen<\/strong>.<\/li>\n<\/ul>\n<p class=\"date\">\n<h3>Oracle Inc. (CGBU Acme Packet), Boston, Frankfurt a.M., D\u00fcsseldorf<\/h3>\n<p><strong>Customer Project Management<\/strong><br \/>\nManagement (SPOC) des Rollouts von Acme Packets Session Border Controller (SBC) als integraler Bestandteil der startegischen Projekte:<\/p>\n<ul>\n<li><strong>&#8222;R4 IP InterConnect&#8220;<\/strong> f\u00fcr HD Voice Services auf <strong>&#8222;all-IP&#8220;<\/strong> fixed und mobile Network domains<br \/>\n(Kunde: <strong>Deutsche Telekom AG<\/strong>)<\/li>\n<li><strong>&#8222;Voice over LTE (VoLTE)&#8220;<\/strong> basierend auf virtualisierten Netzfunktionen (<strong>Telco Cloud<\/strong>)<br \/>\n(Kunde: <strong>Vodafone D2 GmbH<\/strong>)<\/li>\n<\/ul>\n<p class=\"date\">\n<h3>Deutsche Telekom AG, Group Technology<\/h3>\n<p><strong>Vendor\u2013Management international<\/strong><\/p>\n<ul>\n<li>Koordination der Lieferanten-Beziehungen europ\u00e4ischer Landesgesellschaften der Deutschen Telekom,<\/li>\n<li>Entwicklung und Einf\u00fchrung neuer Prozesse im Bereich Vendor Management,<\/li>\n<li>Organisation und Leitung internationaler User Foren,<\/li>\n<li>Erstellung von Ausschreibungen (RFI\/RFQs), Bewertung von Angeboten,<\/li>\n<li>Vor-\/Nachbereitung und Durchf\u00fchrung von Bietergespr\u00e4chen.<\/li>\n<\/ul>\n<p class=\"date\">\n<h3>Nokia Siemens Networks<\/h3>\n<p><strong>Projektplanung und -steuerung, Subcontractor\u2013Management<\/strong><br \/>\nProjektplanung, Erstellung von Fachkonzepten, Auswahl und Steuerung von Subunternehmern sowie Abnahme von Zulieferungen im Rahmen von <strong>UMTS eNodeB<\/strong>-Projekten<\/p>\n<p class=\"date\">\n<h3>Siemens AG<\/h3>\n<p><strong>Mobile Payment Services Invention<\/strong><\/p>\n<ul>\n<li>Fachlich\/technische Konzeption eines grundlegenden Mobilfunk Services im Bereich Mobile Payment auf Basis Bluetooth und NFC,<\/li>\n<li>Erstellung von Machbarkeitsstudien und Durchf\u00fchrung von Marktanalysen,<\/li>\n<li>Evaluation in Zusammenarbeit mit dem Innovation Board der Siemens AG mit Unterst\u00fctzung von Bereichs- und Zentralvorst\u00e4nden der Bereiche Information and Communication Networks sowie Communications Networks Mobile.<\/li>\n<\/ul>\n<p class=\"date\">\n<h3>Byteline Computer GmbH<\/h3>\n<p><strong>Marketing- und Vertriebsstrategie<\/strong><br \/>\nf\u00fcr ein Produkt im Bereich <strong>Internet Security<\/strong>.<\/p>\n<p class=\"date\">\n<h3>Nokia Siemens Networks<\/h3>\n<p><strong>Projektplanung und -steuerung, Subcontractor\u2013Management<\/strong><br \/>\nProjektplanung, Erstellung von Fachkonzepten, Auswahl und Steuerung von Subunternehmern sowie Abnahme von Zulieferungen im Rahmen von <strong>UMTS eNodeB<\/strong>-Projekten<\/p>\n<p class=\"date\">\n<h3>Vodafone D2 GmbH<\/h3>\n<p><strong>Gesch\u00e4ftsprozess- und Organisationsentwicklung (D2 Service Management)<\/strong><\/p>\n<ul>\n<li>Beratung beim Aufbau der Organisationseinheit <strong>&#8222;Service Management Center&#8220;<\/strong> und Einbettung dieser in die unternehmensweite Organisations- und Prozessstruktur.<\/li>\n<li>Analyse der in der kommerziellen Betriebsphase von D2-Mobilfunkdiensten (Credit, CallYa, WAP u.a.) etablierten Prozesse.<\/li>\n<li>Konzeption eines ganzheitlichen St\u00f6rmeldeprozesses im Rahmen der kommerziellen Betriebsphase.<\/li>\n<li>Erstellung eines Anforderungskatalogs f\u00fcr eine unternehmensweit einheitliche Systemunterst\u00fctzung der (Workflow-) Prozesse des Service Managements.<\/li>\n<\/ul>\n<p class=\"date\">\n<h3>Mannesmann Mobilfunk GmbH<\/h3>\n<p><strong>Gesch\u00e4ftsprozess\u2013Analyse und -Entwicklung<\/strong><br \/>\nErhebung, Dokumentation und Analyse etablierter <strong>D2 Betriebs-Prozesse<\/strong> zur bundesweiten \u00dcberwachung des D2 &#8211; Mobilfunknetzes. Optimierung der Betriebs-Prozesse unter Beibehaltung der gegebenen Organisationsstruktur.<\/p>\n<h3>Deutsche Post AG (Gesch\u00e4ftsbereich PostCom)<\/h3>\n<p><strong>Prozess-Analyse<\/strong><\/p>\n<ul>\n<li>Dokumentation und Analyse der Gesch\u00e4ftsprozesse sowie existierender IT- und TK \u2013 Infrastrukturen im Gesch\u00e4ftsbereich \u201eelektronische Post\u201c.<\/li>\n<li>Planung und Konzeption eines ganzheitlichen Vorgangs-, System- und Netzwerk- Managements.<\/li>\n<\/ul>\n<p class=\"date\">\n<h3>Siemens AG<\/h3>\n<p><strong>Projektplanung, Subcontractor\u2013Management<\/strong><br \/>\nProjektplanung, Auswahl und Steuerung von Subunternehmern, Coaching im Bereich TMN sowie Abnahme von Zulieferungen im Rahmen der Entwicklung des <strong>Operations Support Systems<\/strong> (OSS) f\u00fcr Transportnetze <strong>TNMS<\/strong><\/p>\n<p class=\"date\">\n<h3>IBM Informationssysteme GmbH<\/h3>\n<p><strong>Projektmanagement<\/strong><\/p>\n<ul>\n<li>Unterst\u00fctzung der Projektleitung bei Planung und Durchf\u00fchrung eines internationalen Projektes zur Realisierung des integrierten <strong>Operations Support Systems (OSS) OPUS<\/strong> f\u00fcr heterogene Telekommunikationsnetze<\/li>\n<li>Planung und Steuerung von Subunternehmern, Abnahme von Zulieferungen<\/li>\n<li>Volumen ca. DM 200 Mio, 50 Mitarbeiter, 5 Zulieferer<\/li>\n<\/ul>\n<p class=\"date\">\n<h3>RWE Telliance, Essen \/ o.tel.o<\/h3>\n<p><strong>Planung, Ausschreibung und Angebotsbewertung<\/strong><\/p>\n<ul>\n<li>Beratung bei Planung, Ausschreibung und Bezug eines integrierten, TMN-konformen <strong>Netzwerk-Managements<\/strong> f\u00fcr die gesamte Telekommunikations-Infrastruktur einer Start Up-Telco.<\/li>\n<li>Analyse der Anforderungen geplanter Telekommunikationsdienste an das Management sowie Entwicklung von L\u00f6sungskonzepten und Realisierungsstrategien.<\/li>\n<li>Erstellung von Ausschreibungen (<strong>RFI, RFQ<\/strong>) f\u00fcr das OSS OPUS,<\/li>\n<li><strong>Angebotsbewertung<\/strong> nach technischen und kaufm\u00e4nnischen Gesichtspunkten<\/li>\n<\/ul>\n<p class=\"date\">\n<h3>Siemens AG<\/h3>\n<p><strong>Erstellung Betriebskonzept, QS-Planung<\/strong><\/p>\n<ul>\n<li>Erstellung eines langfristig tragf\u00e4higen Betriebskonzepts f\u00fcr <strong>Intelligent Networks (IN)<\/strong> und eines TMN-konformen Realisierungskonzepts f\u00fcr IN Komponenten der Siemens AG.<\/li>\n<li>Erstellung des QS-Plans zur Gew\u00e4hrleistung der extremen Verf\u00fcgbarkeit des Intelligent Network Service Control Points (IN xSCP) der Siemens AG<\/li>\n<\/ul>\n<p class=\"date\">\n<h3>Deutsche Telekom AG<\/h3>\n<p><strong>Projektplanung, Qualit\u00e4tssicherung, Prozess-Entwicklung<\/strong><br \/>\nUnterst\u00fctzung der Projekt- und QS-Planung, IT-Prozessanalyse und -entwicklung, Erstellung von Fachkonzepten im Rahmen der Entwicklung eines Prototypen des <strong>Operations Support Systems (OSS) IRONMAN<\/strong><\/p>\n<p class=\"date\">\n<h3>DeTeBerkom GmbH \/ Deutsche Telekom AG, Generaldirektion<\/h3>\n<p><strong>Anforderungserhebung und \u2013analyse<\/strong><br \/>\nErhebung und Analyse von Anforderungen der <strong>Gesch\u00e4ftskunden der Deutschen Telekom<\/strong> (u.a. Daimler, Siemens, Citibank, Bertelsmann) an die Verf\u00fcgbarkeit und das Management von Telekommunikationsnetzen und \u2013diensten (\u201eCustomer Network Management\u201c)<\/p>\n<p class=\"date\">\n<h3>Siemens AG, Siemens Nixdorf Informationssysteme AG<\/h3>\n<p><strong>Projektmanagement international, Systems Engineering<\/strong><br \/>\nPlanung, Auswahl und Implementierung des <strong>Operations Support Systems SMN-OS<\/strong> f\u00fcr Optical (SDH-) Networks f\u00fcr Telco Network Operators (weltweit)<\/p>\n<ul>\n<li>Projektplanung und -management,<\/li>\n<li>Analyse von Ausschreibungen,<\/li>\n<li>Erstellung von Angeboten in Zusammenarbeit mit Marketing und Vertrieb,<\/li>\n<li>Koordination der auf mehrere Standorte in Europa verteilten Entwicklung,<\/li>\n<li>Erstellung von Fachkonzepten und technischen Spezifikationen,<\/li>\n<li>Auswahl geeigneter Entwicklungsmethoden und -tools.<\/li>\n<li>Volumen: DM 400 Mio, bis zu 200 Mitarbeiter<\/li>\n<\/ul>\n<p class=\"date\">\n<h3>Siemens Nixdorf Informationssysteme AG<\/h3>\n<p><strong>Softwareentwicklung, Qualit\u00e4tssicherung<\/strong><br \/>\nEntwicklung und Qualit\u00e4tssicherung von <strong>UNIX Systemsoftware (Kernel)<\/strong> im Bereich Local Area Networks auf Multiprozessor-Hardware.<\/p>\n<p class=\"date\">\n<h3>Nixdorf Computer AG, Kontron GmbH, Epsilon GmbH u.a.<\/h3>\n<p>Diverse Software-Entwicklungsprojekte (Graphical User Interfaces, UNIX Systemsoftware)<\/p>","protected":false},"excerpt":{"rendered":"<p>Referenzen Avient Corporation (formerly PolyOne), Ohio\/USA Global Project Management \u2013 weltweite IT Infrastruktur-Integration Management der IT-Integration von 90 Standorten (Produktion, Sales) weltweit (US, EMEA, ASIA, LATAM)) in das globale IT-Netzwerk der Avient\/PolyOne nach erfolgreicher Akquisition von Clariant Masterbatches. Deutsche Telekom Business Solutions GmbH, Deutsche Bundesbeh\u00f6rden Project Management \u2013 Rollout DWDM &amp; Metro Ethernet Standorte Rollout [&hellip;]<\/p>\n","protected":false},"author":1,"featured_media":13,"parent":0,"menu_order":0,"comment_status":"closed","ping_status":"closed","template":"","meta":[],"_links":{"self":[{"href":"https:\/\/ict-consulting.net\/de\/wp-json\/wp\/v2\/pages\/30"}],"collection":[{"href":"https:\/\/ict-consulting.net\/de\/wp-json\/wp\/v2\/pages"}],"about":[{"href":"https:\/\/ict-consulting.net\/de\/wp-json\/wp\/v2\/types\/page"}],"author":[{"embeddable":true,"href":"https:\/\/ict-consulting.net\/de\/wp-json\/wp\/v2\/users\/1"}],"replies":[{"embeddable":true,"href":"https:\/\/ict-consulting.net\/de\/wp-json\/wp\/v2\/comments?post=30"}],"version-history":[{"count":82,"href":"https:\/\/ict-consulting.net\/de\/wp-json\/wp\/v2\/pages\/30\/revisions"}],"predecessor-version":[{"id":373,"href":"https:\/\/ict-consulting.net\/de\/wp-json\/wp\/v2\/pages\/30\/revisions\/373"}],"wp:featuredmedia":[{"embeddable":true,"href":"https:\/\/ict-consulting.net\/de\/wp-json\/wp\/v2\/media\/13"}],"wp:attachment":[{"href":"https:\/\/ict-consulting.net\/de\/wp-json\/wp\/v2\/media?parent=30"}],"curies":[{"name":"wp","href":"https:\/\/api.w.org\/{rel}","templated":true}]}}