{"id":22,"date":"2014-09-15T19:31:13","date_gmt":"2014-09-15T17:31:13","guid":{"rendered":"http:\/\/the-webdesigner.de\/ict\/wp\/?page_id=22"},"modified":"2014-11-13T16:14:40","modified_gmt":"2014-11-13T14:14:40","slug":"nah-am-kunden-und-das-weltweit","status":"publish","type":"page","link":"https:\/\/ict-consulting.net\/de\/nah-am-kunden-und-das-weltweit\/","title":{"rendered":"Nah am Kunden. Und das weltweit."},"content":{"rendered":"<p><\/p>\n<h1>Nah am Kunden. Und das weltweit.<\/h1>\n<p><strong>ICT Consulting<\/strong> wurde 1985 in Berlin als Ingenieurb\u00fcro Schr\u00f6der gegr\u00fcndet und ist als unabh\u00e4ngige Management- und ICT-Beratung mit Dependancen in Berlin, London und Edmonton mittlerweile weltweit t\u00e4tig und in allen Netzen zuhause. Unser Unternehmensziel ist es, mithilfe eines ganzheitlichen Beratungsansatzes s\u00e4mtliche komplexe Aufgabenstellungen in optimale L\u00f6sungen zu leiten. Gemeinsam mit unseren <strong><a href=\"referenzen\/\">Kunden<\/a><\/strong>. Und das ergebnisorientiert und unter Ber\u00fccksichtigung der terminlichen, qualitativen sowie wirtschaftlichen Rahmenbedingungen.<\/p>\n<p>Dabei agieren wir unabh\u00e4ngig. Denn das erm\u00f6glicht uns schrankenloses Denken und flexibles Handeln f\u00fcr eine optimale Konzentration auf das Notwendige und das Machbare. Und das mit zukunftssicheren Konzepten und L\u00f6sungen.<\/p>\n<h1><span style=\"color: #993366;\">Was uns so stark macht. Und damit auch unsere Kunden.<\/span><\/h1>\n<p>Unsere Mitarbeiter leben das, wof\u00fcr wir stehen. Jeden Tag.<\/p>\n<p>Ob unsere <strong>Projekt- und Interim-Manager<\/strong> mit Etaterfahrungen bis zu 100 Mio Euro f\u00fcr Planung und Organisation internationaler Projekte oder unsere hochqualifizierten <strong>Consultants<\/strong> und detailverliebten <strong>IT Professionals<\/strong> mit Know-how auf Topniveau: F\u00fcr sie ist die Behauptung, dass nichts unm\u00f6glich ist, keine Frage des Geldes, sondern die Voraussetzung f\u00fcr vision\u00e4res Denken.<\/p>\n<p>Dabei sind alle ICT-Consultants versiert in der Anwendung von Best practice-Methoden und binden alle individuell an einem Projekt Beteiligten von Beginn bis Abschluss eines Projektes aktiv in alle Schritte ein. Zugunsten der Transparenz und vor allem einer effektiven, abgesicherten L\u00f6sungsfindung.<\/p>\n<p>Um dabei so flexibel und punktgenau wie m\u00f6glich auf die individuellen Herausforderungen unserer Kunden zu reagieren, garantiert dar\u00fcberhinaus unser Business-Network die optimale Ressourcenplanung mit \u00bbstate of the art\u00ab-Partnern.<\/p>\n<h1><span style=\"color: #993366;\">Wie wir arbeiten. Mit Erfolg.<\/span><\/h1>\n<p>Unsere fachliche Expertise in Verbindung mit einer anerkannten informationstechnischen Kompetenz garantiert unseren Kunden eine optimale Unterst\u00fctzung in innovativen IT- und Telekommunikationsprojekten.<\/p>\n<p>Dabei st\u00fctzen wir unsere L\u00f6sungsans\u00e4tze auf praxiserprobte Konzepte und Strategien. In den unternehmensindividuellen Gesch\u00e4fts- und Kommunikations-Prozessen verbinden wir Pragmatik mit innovativ ausgerichtetem Denken.<\/p>","protected":false},"excerpt":{"rendered":"<p>Nah am Kunden. Und das weltweit. ICT Consulting wurde 1985 in Berlin als Ingenieurb\u00fcro Schr\u00f6der gegr\u00fcndet und ist als unabh\u00e4ngige Management- und ICT-Beratung mit Dependancen in Berlin, London und Edmonton mittlerweile weltweit t\u00e4tig und in allen Netzen zuhause. Unser Unternehmensziel ist es, mithilfe eines ganzheitlichen Beratungsansatzes s\u00e4mtliche komplexe Aufgabenstellungen in optimale L\u00f6sungen zu leiten. Gemeinsam [&hellip;]<\/p>\n","protected":false},"author":1,"featured_media":14,"parent":0,"menu_order":0,"comment_status":"closed","ping_status":"closed","template":"","meta":[],"_links":{"self":[{"href":"https:\/\/ict-consulting.net\/de\/wp-json\/wp\/v2\/pages\/22"}],"collection":[{"href":"https:\/\/ict-consulting.net\/de\/wp-json\/wp\/v2\/pages"}],"about":[{"href":"https:\/\/ict-consulting.net\/de\/wp-json\/wp\/v2\/types\/page"}],"author":[{"embeddable":true,"href":"https:\/\/ict-consulting.net\/de\/wp-json\/wp\/v2\/users\/1"}],"replies":[{"embeddable":true,"href":"https:\/\/ict-consulting.net\/de\/wp-json\/wp\/v2\/comments?post=22"}],"version-history":[{"count":22,"href":"https:\/\/ict-consulting.net\/de\/wp-json\/wp\/v2\/pages\/22\/revisions"}],"predecessor-version":[{"id":246,"href":"https:\/\/ict-consulting.net\/de\/wp-json\/wp\/v2\/pages\/22\/revisions\/246"}],"wp:featuredmedia":[{"embeddable":true,"href":"https:\/\/ict-consulting.net\/de\/wp-json\/wp\/v2\/media\/14"}],"wp:attachment":[{"href":"https:\/\/ict-consulting.net\/de\/wp-json\/wp\/v2\/media?parent=22"}],"curies":[{"name":"wp","href":"https:\/\/api.w.org\/{rel}","templated":true}]}}